{"id":32,"date":"2019-05-27T19:27:26","date_gmt":"2019-05-27T19:27:26","guid":{"rendered":"https:\/\/preview.wolfthemes.live\/decibel\/?page_id=32"},"modified":"2025-10-03T16:45:12","modified_gmt":"2025-10-03T16:45:12","slug":"home","status":"publish","type":"page","link":"https:\/\/diecinueve94.es\/","title":{"rendered":"diecinueve94"},"content":{"rendered":"<div class=\"wpb-content-wrapper\"><p>[vc_row content_width=&#8221;full&#8221; full_height=&#8221;yes&#8221; equal_height=&#8221;&#8221; hide_class=&#8221;wvc-show-mobile&#8221; font_color=&#8221;light&#8221; background_type=&#8221;video&#8221; video_bg_url=&#8221;https:\/\/diecinueve94.es\/wp-content\/uploads\/2025\/02\/Timeline-1.mp4&#8243; video_bg_parallax=&#8221;true&#8221; add_overlay=&#8221;yes&#8221; overlay_opacity=&#8221;18&#8243; shift_y=&#8221;0&#8243; z_index=&#8221;0&#8243; arrow_down=&#8221;true&#8221;][vc_column][vc_single_image image=&#8221;7877&#8243; full_width=&#8221;&#8221; opacity=&#8221;100&#8243; css=&#8221;.vc_custom_1729935126950{margin-top: 19px !important;}&#8221;][\/vc_column][\/vc_row][vc_row content_width=&#8221;full&#8221; equal_height=&#8221;&#8221; hide_class=&#8221;wvc-hide-mobile&#8221; font_color=&#8221;light&#8221; sticky_player_playlist_skin=&#8221;transparent-light&#8221; shift_y=&#8221;0&#8243; z_index=&#8221;0&#8243; row_name=&#8221;HOME&#8221;][vc_column][wvc_advanced_slider slider_height=&#8221;100%&#8221; pause_on_hover=&#8221;false&#8221; transition=&#8221;fade&#8221; slideshow_speed=&#8221;6000&#8243;][wvc_advanced_slide background_type=&#8221;video&#8221; title_type=&#8221;image&#8221; title_font_size=&#8221;36&#8243; title_text_transform=&#8221;uppercase&#8221; title_letter_spacing=&#8221;8px&#8221; video_bg_mute_button=&#8221;true&#8221; video_bg_url=&#8221;https:\/\/diecinueve94.es\/wp-content\/uploads\/2025\/02\/Timeline-1.mp4&#8243; image=&#8221;7877&#8243;][\/wvc_advanced_slider][\/vc_column][\/vc_row][vc_row content_width=&#8221;full&#8221; equal_height=&#8221;&#8221; font_color=&#8221;light&#8221; sticky_player_playlist_skin=&#8221;transparent-light&#8221; shift_y=&#8221;0&#8243; z_index=&#8221;0&#8243; row_name=&#8221;SOBRE MI&#8221;][vc_column][vc_column_text][\/vc_column_text][\/vc_column][\/vc_row][vc_row column_type=&#8221;block&#8221; full_height=&#8221;yes&#8221; hide_class=&#8221;wvc-hide-mobile&#8221; font_color=&#8221;light&#8221; shift_y=&#8221;0&#8243; z_index=&#8221;0&#8243;][vc_column width=&#8221;1\/2&#8243; background_type=&#8221;image&#8221; background_img=&#8221;85&#8243; background_repeat=&#8221;repeat&#8221; background_size=&#8221;default&#8221; background_img_lazyload=&#8221;&#8221; shift_x=&#8221;0&#8243; shift_y=&#8221;0&#8243; z_index=&#8221;0&#8243;][vc_custom_heading text=&#8221;SOBRE MI&#8221; font_size=&#8221;24&#8243; text_align=&#8221;left&#8221; css=&#8221;.vc_custom_1729874828640{margin-bottom: 0px !important;}&#8221; css_animation=&#8221;fadeInUp&#8221;][vc_separator el_width=&#8221;50&#8243; el_height=&#8221;2&#8243; align=&#8221;align_left&#8221; color=&#8221;white&#8221; css=&#8221;.vc_custom_1558987764206{margin-top: 20px !important;margin-bottom: 30px !important;}&#8221; css_animation=&#8221;fade&#8221; css_animation_delay=&#8221;200&#8243;][vc_column_text css_animation=&#8221;fade&#8221; css_animation_delay=&#8221;300&#8243;]\u00a1Hola! Soy Isaac Men\u00e9ndez, la persona detr\u00e1s de diecinueve94. Mi pasi\u00f3n es contar historias aut\u00e9nticas y emotivas a trav\u00e9s de videos de bodas \u00fanicos, capturando la esencia de cada pareja con la mayor naturalidad en forma y color.<\/p>\n<p>Con un enfoque personalizado y una visi\u00f3n creativa, me esfuerzo por crear recuerdos visuales que perduren para siempre. En diecinueve94, cada boda es un proyecto exclusivo, donde se cuida cada escena al detalle para inmortalizar esos momentos irrepetibles.<\/p>\n<p>Si buscas un vide\u00f3grafo comprometido en contar tu historia de manera especial, estar\u00e9 encantado de acompa\u00f1arte en este viaje. \u00a1Hagamos algo inolvidable juntos![\/vc_column_text][vc_single_image image=&#8221;7880&#8243; img_size=&#8221;full&#8221; full_width=&#8221;&#8221; alignment=&#8221;right&#8221; opacity=&#8221;100&#8243; css_animation=&#8221;fade&#8221; css_animation_delay=&#8221;600&#8243;][\/vc_column][vc_column width=&#8221;1\/2&#8243; background_type=&#8221;image&#8221; background_img=&#8221;7825&#8243; background_img_lazyload=&#8221;&#8221; shift_x=&#8221;0&#8243; shift_y=&#8221;0&#8243; z_index=&#8221;0&#8243;][wvc_admin_helper_text comment=&#8221;The image is set in the column background settings&#8221;][vc_empty_space height=&#8221;50vh&#8221;][\/vc_column][\/vc_row][vc_row column_type=&#8221;block&#8221; full_height=&#8221;yes&#8221; hide_class=&#8221;wvc-show-mobile&#8221; font_color=&#8221;light&#8221; background_type=&#8221;image&#8221; background_color=&#8221;custom&#8221; background_img=&#8221;7835&#8243; background_img_lazyload=&#8221;&#8221; add_overlay=&#8221;yes&#8221; overlay_color=&#8221;auto&#8221; overlay_opacity=&#8221;40&#8243; sticky_player_playlist_skin=&#8221;transparent-light&#8221; shift_y=&#8221;0&#8243; z_index=&#8221;0&#8243; add_effect=&#8221;true&#8221; background_custom_color=&#8221;#010101&#8243;][vc_column width=&#8221;1\/2&#8243; shift_x=&#8221;0&#8243; shift_y=&#8221;0&#8243; z_index=&#8221;0&#8243;][vc_custom_heading text=&#8221;SOBRE MI&#8221; font_size=&#8221;24&#8243; text_align=&#8221;left&#8221; font_weight=&#8221;700&#8243; css_animation=&#8221;fade-up&#8221;][vc_column_text css_animation=&#8221;fade&#8221; css_animation_delay=&#8221;300&#8243;]\u00a1Hola! Soy Isaac Men\u00e9ndez, la persona detr\u00e1s de diecinueve94. Mi pasi\u00f3n es contar historias aut\u00e9nticas y emotivas a trav\u00e9s de videos de bodas \u00fanicos, capturando la esencia de cada pareja con la mayor naturalidad en forma y color.<\/p>\n<p>Con un enfoque personalizado y una visi\u00f3n creativa, me esfuerzo por crear recuerdos visuales que perduren para siempre. En diecinueve94, cada boda es un proyecto exclusivo, donde se cuida cada escena al detalle para inmortalizar esos momentos irrepetibles.<\/p>\n<p>Si buscas un vide\u00f3grafo comprometido en contar tu historia de manera especial, estar\u00e9 encantado de acompa\u00f1arte en este viaje. \u00a1Hagamos algo inolvidable juntos![\/vc_column_text][vc_single_image image=&#8221;7880&#8243; img_size=&#8221;full&#8221; full_width=&#8221;&#8221; alignment=&#8221;left&#8221; opacity=&#8221;100&#8243; css_animation=&#8221;fade&#8221; css_animation_delay=&#8221;600&#8243;][\/vc_column][vc_column width=&#8221;1\/2&#8243; shift_x=&#8221;0&#8243; shift_y=&#8221;0&#8243; z_index=&#8221;0&#8243; border_color=&#8221;custom&#8221; border_style=&#8221;solid&#8221; border_custom_color=&#8221;rgba(255,255,255,0.04)&#8221;][\/vc_column][\/vc_row][vc_row equal_height=&#8221;&#8221; hide_class=&#8221;wvc-hide&#8221; background_type=&#8221;image&#8221; background_color=&#8221;white&#8221; background_img_lazyload=&#8221;&#8221; shift_y=&#8221;0&#8243; z_index=&#8221;0&#8243;][vc_column width=&#8221;1\/4&#8243; shift_x=&#8221;0&#8243; shift_y=&#8221;0&#8243; z_index=&#8221;0&#8243; css_animation=&#8221;zoom-out&#8221;][vc_icon type=&#8221;linecons&#8221; icon_linecons=&#8221;vc_li vc_li-music&#8221; color=&#8221;custom&#8221; size=&#8221;fa-5x&#8221; custom_color=&#8221;#3bc492&#8243; title=&#8221;Custom Player&#8221; text=&#8221;An advanced online music player to manage your playlists. One of the best music player out there.&#8221;][\/vc_column][vc_column width=&#8221;1\/4&#8243; shift_x=&#8221;0&#8243; shift_y=&#8221;0&#8243; z_index=&#8221;0&#8243; css_animation=&#8221;zoom-out&#8221; css_animation_delay=&#8221;300&#8243;][vc_icon type=&#8221;linecons&#8221; icon_linecons=&#8221;vc_li vc_li-vynil&#8221; color=&#8221;custom&#8221; size=&#8221;fa-5x&#8221; custom_color=&#8221;#3bc492&#8243; title=&#8221;Discography&#8221; text=&#8221;Includes a discography feature to showcase and sell your music online.&#8221;][\/vc_column][vc_column width=&#8221;1\/4&#8243; shift_x=&#8221;0&#8243; shift_y=&#8221;0&#8243; z_index=&#8221;0&#8243; css_animation=&#8221;zoom-out&#8221; css_animation_delay=&#8221;600&#8243;][vc_icon type=&#8221;linecons&#8221; icon_linecons=&#8221;vc_li vc_li-calendar&#8221; color=&#8221;custom&#8221; size=&#8221;fa-5x&#8221; custom_color=&#8221;#3bc492&#8243; title=&#8221;Tour Dates&#8221; text=&#8221;Display all info about your shows in an event list with our awesome tour dates plugin.&#8221;][\/vc_column][vc_column width=&#8221;1\/4&#8243; shift_x=&#8221;0&#8243; shift_y=&#8221;0&#8243; z_index=&#8221;0&#8243; css_animation=&#8221;zoom-out&#8221; css_animation_delay=&#8221;900&#8243;][vc_icon type=&#8221;linecons&#8221; icon_linecons=&#8221;vc_li vc_li-shop&#8221; color=&#8221;custom&#8221; size=&#8221;fa-5x&#8221; custom_color=&#8221;#3bc492&#8243; title=&#8221;E-commerce&#8221; text=&#8221;Sell your merch online using a secure and easy to use e-store&#8221;][\/vc_column][\/vc_row][vc_row equal_height=&#8221;&#8221; hide_class=&#8221;wvc-hide&#8221; background_type=&#8221;image&#8221; background_img=&#8221;7945&#8243; background_repeat=&#8221;repeat&#8221; background_size=&#8221;default&#8221; background_img_lazyload=&#8221;&#8221; sticky_player_playlist_skin=&#8221;light&#8221; shift_y=&#8221;0&#8243; z_index=&#8221;0&#8243;][vc_column content_type=&#8221;block-media&#8221; shift_x=&#8221;0&#8243; shift_y=&#8221;0&#8243; z_index=&#8221;0&#8243;][vc_custom_heading text=&#8221;TRABAJOS&#8221; font_size=&#8221;24&#8243; text_align=&#8221;left&#8221; css_animation=&#8221;fadeInUp&#8221;][vc_separator align=&#8221;align_left&#8221;][wvc_video_index el_id=&#8221;index-96047&#8243; video_module=&#8221;carousel&#8221; item_animation=&#8221;zoom-in&#8221; orderby=&#8221;&#8221; order=&#8221;&#8221; posts_per_page=&#8221;4&#8243;][\/vc_column][\/vc_row][vc_row columns_placement=&#8221;middle&#8221; equal_height=&#8221;yes&#8221; background_type=&#8221;image&#8221; background_img=&#8221;7945&#8243; background_repeat=&#8221;repeat&#8221; background_size=&#8221;default&#8221; background_img_lazyload=&#8221;&#8221; sticky_player_playlist_skin=&#8221;light&#8221; shift_y=&#8221;0&#8243; z_index=&#8221;0&#8243; row_name=&#8221;TRABAJOS&#8221;][vc_column][vc_custom_heading text=&#8221;TRABAJOS&#8221; font_size=&#8221;24&#8243; text_align=&#8221;left&#8221; css_animation=&#8221;fadeInUp&#8221;][vc_separator align=&#8221;align_left&#8221;][\/vc_column][\/vc_row][vc_row equal_height=&#8221;&#8221; font_color=&#8221;light&#8221; background_type=&#8221;image&#8221; background_img=&#8221;85&#8243; background_repeat=&#8221;repeat&#8221; background_size=&#8221;default&#8221; background_img_lazyload=&#8221;1&#8243; shift_y=&#8221;0&#8243; z_index=&#8221;0&#8243; row_name=&#8221;PREGUNTAS FRECUENTES&#8221; css=&#8221;.vc_custom_1730020076014{padding-top: 100px !important;padding-bottom: 100px !important;}&#8221;][vc_column][vc_custom_heading text=&#8221;PREGUNTAS FRECUENTES&#8221; font_size=&#8221;24&#8243; text_align=&#8221;left&#8221;][vc_separator align=&#8221;align_left&#8221;][wvc_testimonial_slider autoplay=&#8221;false&#8221; pause_on_hover=&#8221;false&#8221; slideshow_speed=&#8221;6000&#8243; nav_arrows=&#8221;false&#8221; css=&#8221;.vc_custom_1730205343122{margin-top: -35px !important;margin-right: -35px !important;margin-bottom: -35px !important;margin-left: -35px !important;padding-top: -100px !important;padding-right: -100px !important;padding-bottom: -100px !important;padding-left: -100px !important;}&#8221;][wvc_testimonial_slide text=&#8221;\u00bfQu\u00e9 incluye el paquete de video de boda?&#8221; name=&#8221;Entrego dos videos: uno de 5 minutos, con un estilo din\u00e1mico y art\u00edstico, perfecto para captar la esencia de la boda y compartirlo f\u00e1cilmente, y otro m\u00e1s completo, de 25 minutos, que incluye muchos m\u00e1s momentos, ideal para revivir cada detalle. Adem\u00e1s, podemos hacer un video de preboda, capturando esos momentos previos llenos de emoci\u00f3n.&#8221; rating=&#8221;-1&#8243;][wvc_testimonial_slide text=&#8221;\u00bfC\u00f3mo puedo reservar la fecha?&#8221; name=&#8221;Para reservar, solo tienes que rellenar el formulario de contacto en la web y enseguida me pondr\u00e9 en contacto contigo para confirmar la disponibilidad de la fecha y ultimar los detalles.&#8221; rating=&#8221;-1&#8243;][wvc_testimonial_slide text=&#8221;\u00bfC\u00f3mo se realiza el pago?&#8221; name=&#8221;El pago se hace en dos partes: un 40% al momento de la reserva para asegurar la fecha, y el 60% restante cuando te entregue todo el material final. \u00a1As\u00ed de f\u00e1cil! Recuerda, \u00a1cada minuto cuenta y las fechas vuelan!&#8221; rating=&#8221;-1&#8243;][wvc_testimonial_slide text=&#8221;\u00bfCu\u00e1nto tiempo llevas grabando bodas?&#8221; name=&#8221;Mi pasi\u00f3n por los videos y la fotograf\u00eda viene de muy lejos, y llevo 4 a\u00f1os grabando bodas. Cada boda es \u00fanica, y mi experiencia me ayuda a capturar esos momentos inolvidables de la manera m\u00e1s aut\u00e9ntica y conmovedora posible.&#8221; rating=&#8221;-1&#8243;][wvc_testimonial_slide text=&#8221;\u00bfCubres bodas fuera de tu ciudad?&#8221; name=&#8221;\u00a1S\u00ed, claro que s\u00ed! Estoy disponible para viajar y cubrir bodas en otras ciudades e incluso en el extranjero. Solo hay que tener en cuenta que los gastos de desplazamiento y estancia correr\u00edan por cuenta de los novios. \u00a1As\u00ed que no hay fronteras para capturar esos momentos especiales!&#8221; rating=&#8221;-1&#8243;][wvc_testimonial_slide text=&#8221;\u00bfPuedo ver trabajos completos?&#8221; name=&#8221;Si, claro. Como entender\u00e1s la privacidad de los novios es importante y publicar un video completo de su d\u00eda mas especial con todo tipo de detalles y momentos \u00edntimos es mejor reservarlo para la intimidad. Si quieres alg\u00fan trabajo completo ponte en contacto a trav\u00e9s del formulario y lo compartir\u00e9 encantado.&#8221; rating=&#8221;-1&#8243;][\/wvc_testimonial_slider][\/vc_column][\/vc_row][vc_row content_width=&#8221;large&#8221; equal_height=&#8221;&#8221; font_color=&#8221;light&#8221; background_type=&#8221;video&#8221; video_bg_url=&#8221;https:\/\/diecinueve94.es\/wp-content\/uploads\/2025\/02\/Timeline-1.mp4&#8243; video_bg_parallax=&#8221;true&#8221; add_overlay=&#8221;yes&#8221; overlay_opacity=&#8221;35&#8243; shift_y=&#8221;0&#8243; z_index=&#8221;0&#8243; css=&#8221;.vc_custom_1740347617523{padding-top: 120px !important;padding-bottom: 120px !important;}&#8221;][vc_column shift_x=&#8221;0&#8243; shift_y=&#8221;0&#8243; z_index=&#8221;0&#8243;][vc_custom_heading text=&#8221;Hagamos algo inolvidable juntos&#8221; font_size=&#8221;48&#8243; responsive=&#8221;yes&#8221; min_font_size=&#8221;18&#8243; text_transform=&#8221;uppercase&#8221; css_animation=&#8221;zoom-out&#8221;][\/vc_column][\/vc_row][vc_row equal_height=&#8221;&#8221; gap=&#8221;60&#8243; shift_y=&#8221;0&#8243; z_index=&#8221;0&#8243; row_name=&#8221;FORMULARIO&#8221;][vc_column width=&#8221;2\/3&#8243;][vc_custom_heading text=&#8221;FORMULARIO&#8221; font_size=&#8221;24&#8243; text_align=&#8221;left&#8221;][vc_separator align=&#8221;align_left&#8221;]\n<div class=\"wpcf7 no-js\" id=\"wpcf7-f8038-o1\" lang=\"en-US\" dir=\"ltr\" data-wpcf7-id=\"8038\">\n<div class=\"screen-reader-response\"><p role=\"status\" aria-live=\"polite\" aria-atomic=\"true\"><\/p> <ul><\/ul><\/div>\n<form action=\"\/index.php?rest_route=%2Fwp%2Fv2%2Fpages%2F32#wpcf7-f8038-o1\" method=\"post\" class=\"wpcf7-form init\" aria-label=\"Contact form\" novalidate=\"novalidate\" data-status=\"init\">\n<fieldset class=\"hidden-fields-container\"><input type=\"hidden\" name=\"_wpcf7\" value=\"8038\" \/><input type=\"hidden\" name=\"_wpcf7_version\" value=\"6.1.5\" \/><input type=\"hidden\" name=\"_wpcf7_locale\" value=\"en_US\" \/><input type=\"hidden\" name=\"_wpcf7_unit_tag\" value=\"wpcf7-f8038-o1\" \/><input type=\"hidden\" name=\"_wpcf7_container_post\" value=\"0\" \/><input type=\"hidden\" name=\"_wpcf7_posted_data_hash\" value=\"\" \/>\n<\/fieldset>\n<div class=\"wpcf7-wrapper\">\n\t<p class=\"wpcf7-field\"><span class=\"wpcf7-form-control-wrap\" data-name=\"your-name\"><input size=\"40\" maxlength=\"400\" class=\"wpcf7-form-control wpcf7-text wpcf7-validates-as-required\" aria-required=\"true\" aria-invalid=\"false\" placeholder=\"Nombre\" value=\"\" type=\"text\" name=\"your-name\" \/><\/span>\n\t<\/p>\n\t<p class=\"wpcf7-field\"><span class=\"wpcf7-form-control-wrap\" data-name=\"your-email\"><input size=\"40\" maxlength=\"400\" class=\"wpcf7-form-control wpcf7-email wpcf7-validates-as-required wpcf7-text wpcf7-validates-as-email\" aria-required=\"true\" aria-invalid=\"false\" placeholder=\"Email\" value=\"\" type=\"email\" name=\"your-email\" \/><\/span>\n\t<\/p>\n<\/div>\n<p><span class=\"wpcf7-form-control-wrap\" data-name=\"your-message\"><textarea cols=\"40\" rows=\"10\" maxlength=\"2000\" class=\"wpcf7-form-control wpcf7-textarea\" aria-invalid=\"false\" placeholder=\"Mensaje\" name=\"your-message\"><\/textarea><\/span>\n<\/p>\n<p class=\"wpcf7-field-no-margin\">\n<\/p>\n<p><input class=\"wpcf7-form-control wpcf7-submit has-spinner wpcf7-button-primary\" type=\"submit\" value=\"Enviar\" \/>\n<\/p><div class=\"wpcf7-response-output\" aria-hidden=\"true\"><\/div>\n<\/form>\n<\/div>\n[\/vc_column][vc_column width=&#8221;1\/3&#8243;][\/vc_column][\/vc_row][vc_row equal_height=&#8221;&#8221; hide_class=&#8221;wvc-hide&#8221; shift_y=&#8221;0&#8243; z_index=&#8221;0&#8243;][vc_column][\/vc_column][\/vc_row][vc_row][vc_column][vc_column_text]<\/p>\n<p>&nbsp;<\/p>\n<p>[\/vc_column_text][\/vc_column][\/vc_row]<\/p>\n<\/div>","protected":false},"excerpt":{"rendered":"<p>[vc_row content_width=&#8221;full&#8221; full_height=&#8221;yes&#8221; equal_height=&#8221;&#8221; hide_class=&#8221;wvc-show-mobile&#8221; font_color=&#8221;light&#8221; background_type=&#8221;video&#8221; video_bg_url=&#8221;https:\/\/diecinueve94.es\/wp-content\/uploads\/2025\/02\/Timeline-1.mp4&#8243; video_bg_parallax=&#8221;true&#8221; add_overlay=&#8221;yes&#8221; overlay_opacity=&#8221;18&#8243; shift_y=&#8221;0&#8243; z_index=&#8221;0&#8243; arrow_down=&#8221;true&#8221;][vc_column][vc_single_image image=&#8221;7877&#8243; full_width=&#8221;&#8221; opacity=&#8221;100&#8243; css=&#8221;.vc_custom_1729935126950{margin-top: 19px !important;}&#8221;][\/vc_column][\/vc_row][vc_row content_width=&#8221;full&#8221; equal_height=&#8221;&#8221; hide_class=&#8221;wvc-hide-mobile&#8221; font_color=&#8221;light&#8221; sticky_player_playlist_skin=&#8221;transparent-light&#8221; shift_y=&#8221;0&#8243; z_index=&#8221;0&#8243; row_name=&#8221;HOME&#8221;][vc_column][wvc_advanced_slider slider_height=&#8221;100%&#8221; pause_on_hover=&#8221;false&#8221; transition=&#8221;fade&#8221; slideshow_speed=&#8221;6000&#8243;][wvc_advanced_slide background_type=&#8221;video&#8221; title_type=&#8221;image&#8221; title_font_size=&#8221;36&#8243; title_text_transform=&#8221;uppercase&#8221; title_letter_spacing=&#8221;8px&#8221; video_bg_mute_button=&#8221;true&#8221; video_bg_url=&#8221;https:\/\/diecinueve94.es\/wp-content\/uploads\/2025\/02\/Timeline-1.mp4&#8243; image=&#8221;7877&#8243;][\/wvc_advanced_slider][\/vc_column][\/vc_row][vc_row content_width=&#8221;full&#8221; equal_height=&#8221;&#8221; font_color=&#8221;light&#8221; sticky_player_playlist_skin=&#8221;transparent-light&#8221; shift_y=&#8221;0&#8243; z_index=&#8221;0&#8243; row_name=&#8221;SOBRE MI&#8221;][vc_column][vc_column_text][\/vc_column_text][\/vc_column][\/vc_row][vc_row column_type=&#8221;block&#8221; full_height=&#8221;yes&#8221; hide_class=&#8221;wvc-hide-mobile&#8221; font_color=&#8221;light&#8221; shift_y=&#8221;0&#8243; z_index=&#8221;0&#8243;][vc_column width=&#8221;1\/2&#8243;&#8230;<\/p>\n<p><a rel=\"bookmark\" class=\"decibel-button-text wvc-button wvc-button-size-sm wolf-core-button wolf-core-button-size-sm\" href=\"https:\/\/diecinueve94.es\/\"><small class=\"wvc-button-background-fill wolf-core-button-background-fill\"><\/small><span>continue reading<\/span><\/a><\/p>\n","protected":false},"author":1,"featured_media":0,"parent":0,"menu_order":0,"comment_status":"closed","ping_status":"closed","template":"","meta":{"_monsterinsights_skip_tracking":false,"_monsterinsights_sitenote_active":false,"_monsterinsights_sitenote_note":"","_monsterinsights_sitenote_category":0,"footnotes":""},"class_list":{"0":"post-32","1":"page","2":"type-page","3":"status-publish","4":"hentry","5":"entry","6":"clearfix","7":"entry-grid","8":"entry-columns-default","9":"entry-page-module-layout-standard","10":"is-mp4","11":"has-video","12":"no-post-thumbnail","13":"entry-page","15":"entry-page-grid"},"aioseo_notices":[],"_links":{"self":[{"href":"https:\/\/diecinueve94.es\/index.php?rest_route=\/wp\/v2\/pages\/32","targetHints":{"allow":["GET"]}}],"collection":[{"href":"https:\/\/diecinueve94.es\/index.php?rest_route=\/wp\/v2\/pages"}],"about":[{"href":"https:\/\/diecinueve94.es\/index.php?rest_route=\/wp\/v2\/types\/page"}],"author":[{"embeddable":true,"href":"https:\/\/diecinueve94.es\/index.php?rest_route=\/wp\/v2\/users\/1"}],"replies":[{"embeddable":true,"href":"https:\/\/diecinueve94.es\/index.php?rest_route=%2Fwp%2Fv2%2Fcomments&post=32"}],"version-history":[{"count":194,"href":"https:\/\/diecinueve94.es\/index.php?rest_route=\/wp\/v2\/pages\/32\/revisions"}],"predecessor-version":[{"id":8059,"href":"https:\/\/diecinueve94.es\/index.php?rest_route=\/wp\/v2\/pages\/32\/revisions\/8059"}],"wp:attachment":[{"href":"https:\/\/diecinueve94.es\/index.php?rest_route=%2Fwp%2Fv2%2Fmedia&parent=32"}],"curies":[{"name":"wp","href":"https:\/\/api.w.org\/{rel}","templated":true}]}}